{"id":48,"date":"2021-08-04T12:27:46","date_gmt":"2021-08-04T12:27:46","guid":{"rendered":"https:\/\/controllaboral.net\/web\/?page_id=48"},"modified":"2024-02-06T17:57:06","modified_gmt":"2024-02-06T17:57:06","slug":"galeria-control-laboral","status":"publish","type":"page","link":"https:\/\/controllaboral.net\/web\/galeria-control-laboral\/","title":{"rendered":"Galer\u00eda Control Laboral"},"content":{"rendered":"\n<p>Nuestra aplicaci\u00f3n de Control Laboral ofrece una soluci\u00f3n integral para gestionar la jornada laboral en tu empresa. Con una interfaz intuitiva y f\u00e1cil de usar, podr\u00e1s registrar las horas trabajadas por tus empleados de manera eficiente y precisa. Adem\u00e1s, nuestras im\u00e1genes muestran la versatilidad de la aplicaci\u00f3n, que se adapta perfectamente a cualquier dispositivo, ya sea m\u00f3vil, tableta o computadora de escritorio.<\/p>\n\n\n\n<p>Desde la opci\u00f3n de registro remoto hasta la generaci\u00f3n autom\u00e1tica de informes detallados, nuestra aplicaci\u00f3n est\u00e1 dise\u00f1ada para simplificar la gesti\u00f3n del tiempo y mejorar la productividad de tu equipo. Las caracter\u00edsticas incluyen la asignaci\u00f3n de tareas, el seguimiento de proyectos y la integraci\u00f3n con otros sistemas de gesti\u00f3n empresarial. Descubre c\u00f3mo nuestra aplicaci\u00f3n de Control Laboral puede ayudarte a cumplir con las normativas legales y optimizar la gesti\u00f3n de recursos humanos en tu empresa. \u00a1Haz que el control laboral sea m\u00e1s f\u00e1cil que nunca con nuestra soluci\u00f3n digital!<\/p>\n\n\n\nngg_shortcode_0_placeholder\n\n\n\n<p>Solicite una <a href=\"https:\/\/controllaboral.net\/web\/producto\/control-jornada-laboral-gratis\/\">demostraci\u00f3n<\/a> para ver todo el potencial de la aplicaci\u00f3n.<\/p>\n","protected":false},"excerpt":{"rendered":"<p>Nuestra aplicaci\u00f3n de Control Laboral ofrece una soluci\u00f3n integral para gestionar la jornada laboral en tu empresa. Con una interfaz intuitiva y f\u00e1cil de usar, podr\u00e1s registrar las horas trabajadas por tus empleados de manera eficiente y precisa. Adem\u00e1s, nuestras im\u00e1genes muestran la versatilidad de la aplicaci\u00f3n, que se adapta perfectamente a cualquier dispositivo, ya&hellip; <br \/> <a class=\"button small blue\" href=\"https:\/\/controllaboral.net\/web\/galeria-control-laboral\/\">Leer m\u00e1s<\/a><\/p>\n","protected":false},"author":1,"featured_media":0,"parent":0,"menu_order":0,"comment_status":"closed","ping_status":"closed","template":"","meta":{"ngg_post_thumbnail":0,"footnotes":""},"class_list":["post-48","page","type-page","status-publish","hentry"],"yoast_head":"<!-- This site is optimized with the Yoast SEO plugin v27.4 - https:\/\/yoast.com\/product\/yoast-seo-wordpress\/ -->\n<title>Galer\u00eda Control Laboral - Control Laboral<\/title>\n<meta name=\"robots\" content=\"index, follow, max-snippet:-1, max-image-preview:large, max-video-preview:-1\" \/>\n<link rel=\"canonical\" href=\"https:\/\/controllaboral.net\/web\/galeria-control-laboral\/\" \/>\n<meta property=\"og:locale\" content=\"es_ES\" \/>\n<meta property=\"og:type\" content=\"article\" \/>\n<meta property=\"og:title\" content=\"Galer\u00eda Control Laboral - Control Laboral\" \/>\n<meta property=\"og:description\" content=\"Nuestra aplicaci\u00f3n de Control Laboral ofrece una soluci\u00f3n integral para gestionar la jornada laboral en tu empresa. Con una interfaz intuitiva y f\u00e1cil de usar, podr\u00e1s registrar las horas trabajadas por tus empleados de manera eficiente y precisa. Adem\u00e1s, nuestras im\u00e1genes muestran la versatilidad de la aplicaci\u00f3n, que se adapta perfectamente a cualquier dispositivo, ya&hellip; Leer m\u00e1s\" \/>\n<meta property=\"og:url\" content=\"https:\/\/controllaboral.net\/web\/galeria-control-laboral\/\" \/>\n<meta property=\"og:site_name\" content=\"Control Laboral\" \/>\n<meta property=\"article:modified_time\" content=\"2024-02-06T17:57:06+00:00\" \/>\n<meta name=\"twitter:card\" content=\"summary_large_image\" \/>\n<meta name=\"twitter:label1\" content=\"Tiempo de lectura\" \/>\n\t<meta name=\"twitter:data1\" content=\"1 minuto\" \/>\n<script type=\"application\/ld+json\" class=\"yoast-schema-graph\">{\"@context\":\"https:\\\/\\\/schema.org\",\"@graph\":[{\"@type\":\"WebPage\",\"@id\":\"https:\\\/\\\/controllaboral.net\\\/web\\\/galeria-control-laboral\\\/\",\"url\":\"https:\\\/\\\/controllaboral.net\\\/web\\\/galeria-control-laboral\\\/\",\"name\":\"Galer\u00eda Control Laboral - Control Laboral\",\"isPartOf\":{\"@id\":\"https:\\\/\\\/controllaboral.net\\\/web\\\/#website\"},\"datePublished\":\"2021-08-04T12:27:46+00:00\",\"dateModified\":\"2024-02-06T17:57:06+00:00\",\"breadcrumb\":{\"@id\":\"https:\\\/\\\/controllaboral.net\\\/web\\\/galeria-control-laboral\\\/#breadcrumb\"},\"inLanguage\":\"es\",\"potentialAction\":[{\"@type\":\"ReadAction\",\"target\":[\"https:\\\/\\\/controllaboral.net\\\/web\\\/galeria-control-laboral\\\/\"]}]},{\"@type\":\"BreadcrumbList\",\"@id\":\"https:\\\/\\\/controllaboral.net\\\/web\\\/galeria-control-laboral\\\/#breadcrumb\",\"itemListElement\":[{\"@type\":\"ListItem\",\"position\":1,\"name\":\"Portada\",\"item\":\"https:\\\/\\\/controllaboral.net\\\/web\\\/\"},{\"@type\":\"ListItem\",\"position\":2,\"name\":\"Galer\u00eda Control Laboral\"}]},{\"@type\":\"WebSite\",\"@id\":\"https:\\\/\\\/controllaboral.net\\\/web\\\/#website\",\"url\":\"https:\\\/\\\/controllaboral.net\\\/web\\\/\",\"name\":\"Control Laboral\",\"description\":\"Registro Jornada \u00b7 Control Laboral \u00b7 Control Horario \u00b7 Sistema Firma Trabajador\",\"publisher\":{\"@id\":\"https:\\\/\\\/controllaboral.net\\\/web\\\/#organization\"},\"potentialAction\":[{\"@type\":\"SearchAction\",\"target\":{\"@type\":\"EntryPoint\",\"urlTemplate\":\"https:\\\/\\\/controllaboral.net\\\/web\\\/?s={search_term_string}\"},\"query-input\":{\"@type\":\"PropertyValueSpecification\",\"valueRequired\":true,\"valueName\":\"search_term_string\"}}],\"inLanguage\":\"es\"},{\"@type\":\"Organization\",\"@id\":\"https:\\\/\\\/controllaboral.net\\\/web\\\/#organization\",\"name\":\"Control Laboral\",\"url\":\"https:\\\/\\\/controllaboral.net\\\/web\\\/\",\"logo\":{\"@type\":\"ImageObject\",\"inLanguage\":\"es\",\"@id\":\"https:\\\/\\\/controllaboral.net\\\/web\\\/#\\\/schema\\\/logo\\\/image\\\/\",\"url\":\"https:\\\/\\\/controllaboral.net\\\/web\\\/wp-content\\\/uploads\\\/2023\\\/10\\\/control_laboral.png\",\"contentUrl\":\"https:\\\/\\\/controllaboral.net\\\/web\\\/wp-content\\\/uploads\\\/2023\\\/10\\\/control_laboral.png\",\"width\":477,\"height\":209,\"caption\":\"Control Laboral\"},\"image\":{\"@id\":\"https:\\\/\\\/controllaboral.net\\\/web\\\/#\\\/schema\\\/logo\\\/image\\\/\"}}]}<\/script>\n<!-- \/ Yoast SEO plugin. -->","yoast_head_json":{"title":"Galer\u00eda Control Laboral - Control Laboral","robots":{"index":"index","follow":"follow","max-snippet":"max-snippet:-1","max-image-preview":"max-image-preview:large","max-video-preview":"max-video-preview:-1"},"canonical":"https:\/\/controllaboral.net\/web\/galeria-control-laboral\/","og_locale":"es_ES","og_type":"article","og_title":"Galer\u00eda Control Laboral - Control Laboral","og_description":"Nuestra aplicaci\u00f3n de Control Laboral ofrece una soluci\u00f3n integral para gestionar la jornada laboral en tu empresa. Con una interfaz intuitiva y f\u00e1cil de usar, podr\u00e1s registrar las horas trabajadas por tus empleados de manera eficiente y precisa. Adem\u00e1s, nuestras im\u00e1genes muestran la versatilidad de la aplicaci\u00f3n, que se adapta perfectamente a cualquier dispositivo, ya&hellip; Leer m\u00e1s","og_url":"https:\/\/controllaboral.net\/web\/galeria-control-laboral\/","og_site_name":"Control Laboral","article_modified_time":"2024-02-06T17:57:06+00:00","twitter_card":"summary_large_image","twitter_misc":{"Tiempo de lectura":"1 minuto"},"schema":{"@context":"https:\/\/schema.org","@graph":[{"@type":"WebPage","@id":"https:\/\/controllaboral.net\/web\/galeria-control-laboral\/","url":"https:\/\/controllaboral.net\/web\/galeria-control-laboral\/","name":"Galer\u00eda Control Laboral - Control Laboral","isPartOf":{"@id":"https:\/\/controllaboral.net\/web\/#website"},"datePublished":"2021-08-04T12:27:46+00:00","dateModified":"2024-02-06T17:57:06+00:00","breadcrumb":{"@id":"https:\/\/controllaboral.net\/web\/galeria-control-laboral\/#breadcrumb"},"inLanguage":"es","potentialAction":[{"@type":"ReadAction","target":["https:\/\/controllaboral.net\/web\/galeria-control-laboral\/"]}]},{"@type":"BreadcrumbList","@id":"https:\/\/controllaboral.net\/web\/galeria-control-laboral\/#breadcrumb","itemListElement":[{"@type":"ListItem","position":1,"name":"Portada","item":"https:\/\/controllaboral.net\/web\/"},{"@type":"ListItem","position":2,"name":"Galer\u00eda Control Laboral"}]},{"@type":"WebSite","@id":"https:\/\/controllaboral.net\/web\/#website","url":"https:\/\/controllaboral.net\/web\/","name":"Control Laboral","description":"Registro Jornada \u00b7 Control Laboral \u00b7 Control Horario \u00b7 Sistema Firma Trabajador","publisher":{"@id":"https:\/\/controllaboral.net\/web\/#organization"},"potentialAction":[{"@type":"SearchAction","target":{"@type":"EntryPoint","urlTemplate":"https:\/\/controllaboral.net\/web\/?s={search_term_string}"},"query-input":{"@type":"PropertyValueSpecification","valueRequired":true,"valueName":"search_term_string"}}],"inLanguage":"es"},{"@type":"Organization","@id":"https:\/\/controllaboral.net\/web\/#organization","name":"Control Laboral","url":"https:\/\/controllaboral.net\/web\/","logo":{"@type":"ImageObject","inLanguage":"es","@id":"https:\/\/controllaboral.net\/web\/#\/schema\/logo\/image\/","url":"https:\/\/controllaboral.net\/web\/wp-content\/uploads\/2023\/10\/control_laboral.png","contentUrl":"https:\/\/controllaboral.net\/web\/wp-content\/uploads\/2023\/10\/control_laboral.png","width":477,"height":209,"caption":"Control Laboral"},"image":{"@id":"https:\/\/controllaboral.net\/web\/#\/schema\/logo\/image\/"}}]}},"_links":{"self":[{"href":"https:\/\/controllaboral.net\/web\/wp-json\/wp\/v2\/pages\/48","targetHints":{"allow":["GET"]}}],"collection":[{"href":"https:\/\/controllaboral.net\/web\/wp-json\/wp\/v2\/pages"}],"about":[{"href":"https:\/\/controllaboral.net\/web\/wp-json\/wp\/v2\/types\/page"}],"author":[{"embeddable":true,"href":"https:\/\/controllaboral.net\/web\/wp-json\/wp\/v2\/users\/1"}],"replies":[{"embeddable":true,"href":"https:\/\/controllaboral.net\/web\/wp-json\/wp\/v2\/comments?post=48"}],"version-history":[{"count":11,"href":"https:\/\/controllaboral.net\/web\/wp-json\/wp\/v2\/pages\/48\/revisions"}],"predecessor-version":[{"id":465,"href":"https:\/\/controllaboral.net\/web\/wp-json\/wp\/v2\/pages\/48\/revisions\/465"}],"wp:attachment":[{"href":"https:\/\/controllaboral.net\/web\/wp-json\/wp\/v2\/media?parent=48"}],"curies":[{"name":"wp","href":"https:\/\/api.w.org\/{rel}","templated":true}]}}