{"id":67,"date":"2021-08-04T15:41:07","date_gmt":"2021-08-04T15:41:07","guid":{"rendered":"https:\/\/controllaboral.net\/web\/one-page-express\/"},"modified":"2026-02-23T13:09:31","modified_gmt":"2026-02-23T13:09:31","slug":"control-laboral-el-mejor-sistema-de-registro-laboral-para-la-jornada-en-el-trabajo","status":"publish","type":"page","link":"https:\/\/controllaboral.net\/web\/","title":{"rendered":"Control Laboral: el mejor Sistema de Registro Laboral para la jornada en el trabajo"},"content":{"rendered":"<div  data-label=\"Content\" data-id=\"content-image-right\" data-category=\"content\" class=\"content-right-image-section content-image-right\" id=\"content-4\" style=\"background-color: rgb(246, 246, 246);\"> <div  class=\"gridContainer\"> <div  class=\"content-right-image-gridcol\"> <div  class=\"content-right-image-textcol dynamic-color\" data-type=\"column\"> <h2  class=\"\">Control horario online para empresas \u2013 fichaje laboral f\u00e1cil y legal<\/h2> <p  class=\"large_text\">Nuestro software de control horario permite a empresas y aut\u00f3nomos gestionar el registro de jornada laboral de forma sencilla, cumpliendo con la normativa vigente. Con acceso desde cualquier dispositivo a trav\u00e9s de controllaboral.net, los empleados pueden fichar desde el m\u00f3vil, ordenador o tablet sin necesidad de instalar aplicaciones.<br ><br >El sistema de control horario laboral incluye gesti\u00f3n completa de presencia y ausencias: registro de entrada y salida, pausas, horas trabajadas y c\u00e1lculo autom\u00e1tico de horas extra. Adem\u00e1s, incorpora control de vacaciones y permisos, con solicitud y aprobaci\u00f3n online para mantener siempre actualizado el calendario laboral del equipo.<br ><br ><\/p> <a  class=\"button blue\" href=\"https:\/\/controllaboral.net\/web\/control-laboral\" target=\"_blank\" rel=\"noopener\"> Learn More <\/a> <\/div> <div  class=\"content-right-image-imgcol\" data-type=\"column\"> <img  decoding=\"async\" src=\"https:\/\/controllaboral.net\/web\/wp-content\/uploads\/2021\/08\/cropped-control_laboral_control_laboral_listado_registros.png\" class=\"\" alt=\"control_laboral_listado_registros\"> <\/div> <\/div> <\/div> <\/div><div  data-label=\"Overlapable\" data-id=\"stripped-about-four-boxes-section\" data-category=\"overlapable\" class=\"stripped-about-four-boxes-section\" data-overlap=\"true\" id=\"overlapable-1\" style=\"background-color: rgb(255, 255, 255);\"> <div  class=\"gridContainer\"> <div  class=\"about-four-boxes-innerrow flexbox-list\"> <div  class=\"about-four-boxes-imgcol\" data-bg=\"image\" style=\"background-image: url(&quot;https:\/\/controllaboral.net\/web\/wp-content\/uploads\/2023\/09\/control-laboral-registro-1.png&quot;);\"><\/div> <div  class=\"about-four-boxes-textcol\" data-type=\"column\"> <h6  class=\"\">Actualizada<\/h6> <h2  class=\"\">Multiempresa<\/h2> <p  class=\"\">Permite el registro de la jornada del trabajo para diferentes empresas. Ninguna otra aplicaci\u00f3n, dispone de esta opci\u00f3n actualmente.<\/p> <\/div> <div  class=\"about-four-boxes-textcol\" data-type=\"column\"> <h6  class=\"\">Herramienta Control Laboral<\/h6> <h2  class=\"\">Flexible<\/h2> <p  class=\"\">Para el registro laboral de cualquier tipo de empresa.<\/p> <\/div> <div  class=\"about-four-boxes-imgcol2\" data-bg=\"image\"><\/div> <\/div> <\/div><\/div><div  data-label=\"Features\" data-id=\"features-small-icon-cards-section\" data-category=\"features\" class=\"features-small-icon-cards-section\" id=\"features-5\" style=\"background-color: rgb(246, 246, 246);\"> <div  class=\"gridContainer\"> <div  class=\"features-small-icon-cards-textrow\"> <div  class=\"features-small-icon-cards-textcol dynamic-color\" data-type=\"column\"> <h2  class=\"\">Caracter\u00edsticas Control Laboral<\/h2> <p  class=\"\">Algunas ventajas del Control Horario son las siguientes<\/p> <\/div> <\/div> <div  class=\"features-small-icon-cards-featuresrow dark-text\" data-type=\"row\"> <div  class=\"features-small-icon-cards-featcol\"> <div  class=\"features-small-icon-cards-featinnerrow\"> <div  class=\"features-small-icon-cards-iconcol\"> <i  data-cp-fa=\"true\" class=\"font-icon-23 fa fa-cubes\"><\/i> <\/div> <div  class=\"features-small-icon-cards-feattextcol\" data-type=\"column\"> <h4  class=\"\">Multiempresa<\/h4> <p  class=\"\">Gestione varias empresas y controle el horario laboral desde cualquier dispositivo, m\u00f3vil o tablet. <\/p> <\/div> <\/div> <\/div> <div  class=\"features-small-icon-cards-featcol\"> <div  class=\"features-small-icon-cards-featinnerrow\"> <div  class=\"features-small-icon-cards-iconcol\"> <i  data-cp-fa=\"true\" class=\"font-icon-23 fa fa-wpforms\"><\/i> <\/div> <div  class=\"features-small-icon-cards-feattextcol\" data-type=\"column\"> <h4  class=\"\">Informe laboral de la Jornada<\/h4> <p  class=\"\">Obtenga un registro de la jornada del trabajador en tiempo real. Exporte a Excel, PDF o CSV. Incluso recibirlo por email.<\/p> <\/div> <\/div> <\/div> <div  class=\"features-small-icon-cards-featcol\"> <div  class=\"features-small-icon-cards-featinnerrow\"> <div  class=\"features-small-icon-cards-iconcol\"> <i  data-cp-fa=\"true\" class=\"font-icon-23 fa fa-globe\"><\/i> <\/div> <div  class=\"features-small-icon-cards-feattextcol\" data-type=\"column\"> <h4  class=\"\">Teletrabajo<\/h4> <p  class=\"\">Posibilidad de realizar el registro horario desde cualquier parte del mundo.<\/p> <\/div> <\/div> <\/div> <div  class=\"features-small-icon-cards-featcol\"> <div  class=\"features-small-icon-cards-featinnerrow\"> <div  class=\"features-small-icon-cards-iconcol\"> <i  data-cp-fa=\"true\" class=\"font-icon-23 fa fa-calendar-check-o\"><\/i> <\/div> <div  class=\"features-small-icon-cards-feattextcol\" data-type=\"column\"> <h4  class=\"\">Gesti\u00f3n Vacaciones<\/h4> <p  class=\"\">F\u00e1cil control de vacaciones para los empleados que utilizan el registro de la jornada laboral<\/p> <\/div> <\/div> <\/div> <div  class=\"features-small-icon-cards-featcol\"> <div  class=\"features-small-icon-cards-featinnerrow\"> <div  class=\"features-small-icon-cards-iconcol\"> <i  data-cp-fa=\"true\" class=\"font-icon-23 fa fa-eye\"><\/i> <\/div> <div  class=\"features-small-icon-cards-feattextcol\" data-type=\"column\"> <h4  class=\"\">Control Horario<\/h4> <p  class=\"\">Vigile el control horario del trabajador f\u00e1cilmente: hora entrada o salida, horas extras o vacaciones.<\/p> <\/div> <\/div> <\/div> <div  class=\"features-small-icon-cards-featcol\"> <div  class=\"features-small-icon-cards-featinnerrow\"> <div  class=\"features-small-icon-cards-iconcol\"> <i  data-cp-fa=\"true\" class=\"font-icon-23 fa fa-balance-scale\"><\/i> <\/div> <div  class=\"features-small-icon-cards-feattextcol\" data-type=\"column\"> <h4  class=\"\">Departamentos<\/h4> <p  class=\"\">Registro laboral adaptado a m\u00faltiples departamentos dentro de la empresa. <\/p> <\/div> <\/div> <\/div> <\/div> <\/div><\/div><div  data-label=\"Testimonials\" data-id=\"testimonials-boxed-section\" data-category=\"testimonials\" class=\"testimonials-boxed-section\" id=\"testimonials-1\" style=\"background-color: rgb(255, 255, 255);\"> <div  class=\"gridContainer\"> <div  class=\"testimonials-boxed-textcol dynamic-color\" data-type=\"column\"> <h2  class=\"\">Opiniones Clientes<\/h2> <p  class=\"\">Algunos de nuestros clientes ya conf\u00edan en el sistema de ControlLaboral.Net: Grupo CocaCola, Grupo Mahou-San Miguel, Alhambra\n<\/p> <\/div> <div  class=\"testimonials-boxed-itemsrow dark-text\" data-type=\"row\"> <div  class=\"testimonials-boxed-itemcol cp4cols cp6cols-tablet\"> <div  class=\"testimonials-boxed-itemcard\" data-type=\"column\"> <h4  class=\"testimonials-boxed-itemtext\">\u201cLas gr\u00e1ficas me ayudan mucho. Si alg\u00fan empleado causa baja, puedo visualizarlo r\u00e1pidamente en el sistema desde mi tablet.\u201d<\/h4> <h5  class=\"testimonials-boxed-itemname\">An\u00f3nimo<\/h5> <h6  class=\"testimonials-boxed-itempos\">CEO<\/h6> <img  decoding=\"async\" class=\"custom-image\" src=\"https:\/\/controllaboral.net\/web\/wp-content\/uploads\/2023\/09\/Logo-Mahou-San-Miguel_512x118.png\" alt=\"control-laboral-mahou\"><\/div> <\/div> <div  class=\"testimonials-boxed-itemcol cp4cols cp6cols-tablet\"> <div  class=\"testimonials-boxed-itemcard\" data-type=\"column\"> <h4  class=\"testimonials-boxed-itemtext\">\u201cDesde que implantamos el sistema, me olvido de tener que solicitar listados en papel a m\u00eds empleados. Consulto los registros siempre que lo necesito para realizar las n\u00f3minas.\u201d<\/h4> <h5  class=\"testimonials-boxed-itemname\">Autoescuelas Vico<\/h5> <h6  class=\"testimonials-boxed-itempos\">Directora<\/h6> <\/div> <\/div> <div  class=\"testimonials-boxed-itemcol cp4cols cp6cols-tablet\"> <div  class=\"testimonials-boxed-itemcard\" data-type=\"column\"> <h4  class=\"testimonials-boxed-itemtext\">\u201cF\u00e1cil e intutivo. Los empleados resgitran la jornada desde el m\u00f3vil o tablet. Adaptado a la normativa COVID\u201d<\/h4> <h5  class=\"testimonials-boxed-itemname\">An\u00f3nimo<\/h5> <h6  class=\"testimonials-boxed-itempos\">CEO<\/h6> <img  decoding=\"async\" class=\"custom-image\" src=\"https:\/\/controllaboral.net\/web\/wp-content\/uploads\/2023\/09\/Logo_CCEP_IberianPartner_Horizontal_673x204_red.png\" alt=\"control-laboral-coke\"><\/div> <\/div> <\/div> <\/div><\/div><div  data-label=\"Clients\" data-id=\"clients-strip-section\" data-category=\"clients\" class=\"clients-strip-section\" id=\"clients-2\" style=\"background-color: rgb(246, 246, 246);\"> <div  class=\"row_187 gridContainer\" data-type=\"row\" data-add-content=\"false\"> <div  class=\"clients-strip-itemcol cp3cols\"> <div  class=\"middle_align1\"><a  href=\"#\" target=\"_self\" rel=\"noopener\"><img  decoding=\"async\" class=\"clients-strip-itemimg\" src=\"https:\/\/controllaboral.net\/web\/wp-content\/uploads\/2023\/09\/gym_curves.gif\"><\/a> <\/div> <\/div> <div  class=\"clients-strip-itemcol cp3cols\"> <div  class=\"middle_align1\"><a  href=\"#\" target=\"_self\" rel=\"noopener\"><img  decoding=\"async\" class=\"clients-strip-itemimg\" src=\"https:\/\/controllaboral.net\/web\/wp-content\/uploads\/2023\/09\/Conxo.jpg\"><\/a> <\/div> <\/div> <div  class=\"clients-strip-itemcol cp3cols\"> <div  class=\"middle_align1\"><a  href=\"#\" target=\"_self\" rel=\"noopener\"><img  decoding=\"async\" class=\"clients-strip-itemimg\" src=\"https:\/\/controllaboral.net\/web\/wp-content\/uploads\/2023\/09\/logo-comabe_250x45.png\"><\/a> <\/div> <\/div> <div  class=\"clients-strip-itemcol cp3cols\"> <div  class=\"middle_align1\"><a  href=\"#\"><img  decoding=\"async\" class=\"clients-strip-itemimg\" src=\"https:\/\/controllaboral.net\/web\/wp-content\/uploads\/2023\/09\/club_deportivo_mijas.jpg\"><\/a> <\/div> <\/div> <div  class=\"clients-strip-itemcol cp3cols\"> <div  class=\"middle_align1\"><a  href=\"#\"><img  decoding=\"async\" class=\"clients-strip-itemimg\" src=\"https:\/\/controllaboral.net\/web\/wp-content\/uploads\/2023\/09\/caezaragoza.png\"><\/a> <\/div> <\/div> <div  class=\"clients-strip-itemcol cp3cols\"> <div  class=\"middle_align1\"><a  href=\"#\"><img  decoding=\"async\" class=\"clients-strip-itemimg\" src=\"https:\/\/controllaboral.net\/web\/wp-content\/uploads\/2023\/09\/apeti.png\"><\/a> <\/div> <\/div> <div  class=\"clients-strip-itemcol cp3cols\"> <div  class=\"middle_align1\"><a  href=\"#\" target=\"_self\" rel=\"noopener\"><img  decoding=\"async\" class=\"clients-strip-itemimg\" src=\"https:\/\/controllaboral.net\/web\/wp-content\/uploads\/2023\/09\/box_sport_archidona.jpg\"><\/a> <\/div> <\/div><div  class=\"clients-strip-itemcol cp3cols\"> <div  class=\"middle_align1\"><a  href=\"#\" target=\"_self\" rel=\"noopener\"><img  decoding=\"async\" class=\"clients-strip-itemimg\" src=\"https:\/\/controllaboral.net\/web\/wp-content\/uploads\/2023\/09\/taller_de_idiomas_mediterraneo.png\"><\/a> <\/div> <\/div><\/div><\/div><div  data-label=\"Numbers\" data-id=\"numbers-section\" data-category=\"numbers\" data-bg=\"transparent\" class=\"numbers-section\" data-parallax-depth=\"20\" id=\"numbers\"> <div  class=\"gridContainer dynamic-color\"> <div  class=\"numbers-itemcol\"> <h2  class=\"numbers-numbertext\">+500<\/h2> <h3  class=\"numbers-titletext\">usuarios simult\u00e1neos<\/h3> <\/div> <div  class=\"numbers-itemcol\"> <h2  class=\"numbers-numbertext\">+3<\/h2> <h3  class=\"numbers-titletext\">a\u00f1os de desarrollo<\/h3> <\/div> <div  class=\"numbers-itemcol-last\"> <h2  class=\"numbers-numbertext\">+Informes<\/h2> <h3  class=\"numbers-titletext\">Ad hoc<\/h3> <\/div> <\/div><\/div><div  id=\"overlapable-2\" class=\"features-coloured-icon-boxes-section\" style=\"background-color: #ffffff;\" data-label=\"Overlapable\" data-id=\"stripped-coloured-icon-boxes\" data-category=\"overlapable\" data-overlap=\"true\">\n<div  class=\"gridContainer\">\n<div  class=\"features-coloured-icon-boxes-innerrow flexbox-list dark-text\" data-type=\"row\">\n<div  class=\"features-coloured-icon-boxes-featurecol cp3cols\">\n<h2  class=\"\">+Plus<\/h2>\n<p  class=\"\" style=\"text-align: justify;\">Informaci\u00f3n adicional para sus empleados con nuestro sistema exclusivo de conversi\u00f3n de informaci\u00f3n. (Cons\u00faltenos)\n<\/p>\n\n<img  decoding=\"async\" class=\"custom-image\" src=\"https:\/\/controllaboral.net\/web\/wp-content\/uploads\/2023\/09\/control-laboral-adicional.png\" alt=\"\"><\/div>\n<div  class=\"features-coloured-icon-boxes-featurecol cp3cols\">\n<h2  class=\"\">+Registros<\/h2>\n<p  class=\"\">Posibilidad de diferenciar los registros laborales de la jornada del trabajo entre varias <b >empresas <\/b>y\/o <b >departamentos<\/b>.\n\n<br ><br >\nControl del horario laboral diferenciado.<\/p><img  decoding=\"async\" class=\"custom-image\" src=\"https:\/\/controllaboral.net\/web\/wp-content\/uploads\/2021\/08\/cropped-control_laboral_control_laboral_listado_registros.png\" alt=\"\">\n\n\n<\/div>\n<div  class=\"features-coloured-icon-boxes-featurecol cp3cols\">\n<h2  class=\"\">+Opciones<\/h2>\n\n\n\n<p  class=\"\">Configure la apliaci\u00f3n seg\u00fan sus necesidades. \nPuede cambiar las opciones del registro laboral en cualquier momento desde el panel de Configuraci\u00f3n.<\/p><img  decoding=\"async\" class=\"custom-image\" src=\"https:\/\/controllaboral.net\/web\/wp-content\/uploads\/2023\/09\/control-laboral-opciones-1.png\" alt=\"control-laboral-opciones-1\"><\/div>\n<div  class=\"features-coloured-icon-boxes-featurecol cp3cols\">\n<h2  class=\"\">+Trabajo 3.0&nbsp;<\/h2>\n<p  class=\"\" style=\"text-align: justify;\">Ante una posible inspecci\u00f3n, entregue el informe solicitado por el inspector\/a desde el panel de administrador.<\/p>\n\n\n\n<img  decoding=\"async\" class=\"custom-image\" src=\"https:\/\/controllaboral.net\/web\/wp-content\/uploads\/2023\/09\/control-laboral-administracion-1.png\" alt=\"control-laboral-administracion-1\"><\/div>\n<\/div>\n<\/div>\n<\/div>","protected":false},"excerpt":{"rendered":"<p>Control horario online para empresas \u2013 fichaje laboral f\u00e1cil y legal Nuestro software de control horario permite a empresas y aut\u00f3nomos gestionar el registro de jornada laboral de forma sencilla, cumpliendo con la normativa vigente. Con acceso desde cualquier dispositivo a trav\u00e9s de controllaboral.net, los empleados pueden fichar desde el m\u00f3vil, ordenador o tablet sin&hellip; <br \/> <a class=\"button small blue\" href=\"https:\/\/controllaboral.net\/web\/registro-jornada-laboral\/\">Leer m\u00e1s<\/a><\/p>\n","protected":false},"author":1,"featured_media":0,"parent":0,"menu_order":0,"comment_status":"closed","ping_status":"closed","template":"","meta":{"ngg_post_thumbnail":0,"footnotes":""},"class_list":["post-67","page","type-page","status-publish","hentry"],"yoast_head":"<!-- This site is optimized with the Yoast SEO plugin v27.5 - https:\/\/yoast.com\/product\/yoast-seo-wordpress\/ -->\n<title>Control Laboral: el mejor Sistema de Registro Laboral para la jornada en el trabajo - Control Laboral<\/title>\n<meta name=\"description\" content=\"Programa Control de Jornada Laboral completo y sencillo para aut\u00f3nomos y empresas. Un sistema multidispositivo desde pc, m\u00f3vil o tablet. Gesti\u00f3n de horas laborales de los empleados y generaci\u00f3n de informes en tiempo real.\" \/>\n<meta name=\"robots\" content=\"index, follow, max-snippet:-1, max-image-preview:large, max-video-preview:-1\" \/>\n<link rel=\"canonical\" href=\"https:\/\/controllaboral.net\/web\/\" \/>\n<meta property=\"og:locale\" content=\"es_ES\" \/>\n<meta property=\"og:type\" content=\"article\" \/>\n<meta property=\"og:title\" content=\"Control Laboral: el mejor Sistema de Registro Laboral para la jornada en el trabajo - Control Laboral\" \/>\n<meta property=\"og:description\" content=\"Programa Control de Jornada Laboral completo y sencillo para aut\u00f3nomos y empresas. Un sistema multidispositivo desde pc, m\u00f3vil o tablet. Gesti\u00f3n de horas laborales de los empleados y generaci\u00f3n de informes en tiempo real.\" \/>\n<meta property=\"og:url\" content=\"https:\/\/controllaboral.net\/web\/\" \/>\n<meta property=\"og:site_name\" content=\"Control Laboral\" \/>\n<meta property=\"article:modified_time\" content=\"2026-02-23T13:09:31+00:00\" \/>\n<meta property=\"og:image\" content=\"https:\/\/controllaboral.net\/web\/wp-content\/uploads\/2021\/08\/cropped-control_laboral_control_laboral_listado_registros.png\" \/>\n<meta name=\"twitter:card\" content=\"summary_large_image\" \/>\n<meta name=\"twitter:label1\" content=\"Tiempo de lectura\" \/>\n\t<meta name=\"twitter:data1\" content=\"2 minutos\" \/>\n<script type=\"application\/ld+json\" class=\"yoast-schema-graph\">{\"@context\":\"https:\\\/\\\/schema.org\",\"@graph\":[{\"@type\":\"WebPage\",\"@id\":\"https:\\\/\\\/controllaboral.net\\\/web\\\/\",\"url\":\"https:\\\/\\\/controllaboral.net\\\/web\\\/\",\"name\":\"Control Laboral: el mejor Sistema de Registro Laboral para la jornada en el trabajo - Control Laboral\",\"isPartOf\":{\"@id\":\"https:\\\/\\\/controllaboral.net\\\/web\\\/#website\"},\"primaryImageOfPage\":{\"@id\":\"https:\\\/\\\/controllaboral.net\\\/web\\\/#primaryimage\"},\"image\":{\"@id\":\"https:\\\/\\\/controllaboral.net\\\/web\\\/#primaryimage\"},\"thumbnailUrl\":\"https:\\\/\\\/controllaboral.net\\\/web\\\/wp-content\\\/uploads\\\/2021\\\/08\\\/cropped-control_laboral_control_laboral_listado_registros.png\",\"datePublished\":\"2021-08-04T15:41:07+00:00\",\"dateModified\":\"2026-02-23T13:09:31+00:00\",\"description\":\"Programa Control de Jornada Laboral completo y sencillo para aut\u00f3nomos y empresas. Un sistema multidispositivo desde pc, m\u00f3vil o tablet. Gesti\u00f3n de horas laborales de los empleados y generaci\u00f3n de informes en tiempo real.\",\"breadcrumb\":{\"@id\":\"https:\\\/\\\/controllaboral.net\\\/web\\\/#breadcrumb\"},\"inLanguage\":\"es\",\"potentialAction\":[{\"@type\":\"ReadAction\",\"target\":[\"https:\\\/\\\/controllaboral.net\\\/web\\\/\"]}]},{\"@type\":\"ImageObject\",\"inLanguage\":\"es\",\"@id\":\"https:\\\/\\\/controllaboral.net\\\/web\\\/#primaryimage\",\"url\":\"https:\\\/\\\/controllaboral.net\\\/web\\\/wp-content\\\/uploads\\\/2021\\\/08\\\/cropped-control_laboral_control_laboral_listado_registros.png\",\"contentUrl\":\"https:\\\/\\\/controllaboral.net\\\/web\\\/wp-content\\\/uploads\\\/2021\\\/08\\\/cropped-control_laboral_control_laboral_listado_registros.png\",\"width\":1200,\"height\":800,\"caption\":\"control_laboral_listado_registros\"},{\"@type\":\"BreadcrumbList\",\"@id\":\"https:\\\/\\\/controllaboral.net\\\/web\\\/#breadcrumb\",\"itemListElement\":[{\"@type\":\"ListItem\",\"position\":1,\"name\":\"Portada\",\"item\":\"https:\\\/\\\/controllaboral.net\\\/web\\\/\"},{\"@type\":\"ListItem\",\"position\":2,\"name\":\"Control Laboral: el mejor Sistema de Registro Laboral para la jornada en el trabajo\"}]},{\"@type\":\"WebSite\",\"@id\":\"https:\\\/\\\/controllaboral.net\\\/web\\\/#website\",\"url\":\"https:\\\/\\\/controllaboral.net\\\/web\\\/\",\"name\":\"Control Laboral\",\"description\":\"Registro Jornada \u00b7 Control Laboral \u00b7 Control Horario \u00b7 Sistema Firma Trabajador\",\"publisher\":{\"@id\":\"https:\\\/\\\/controllaboral.net\\\/web\\\/#organization\"},\"potentialAction\":[{\"@type\":\"SearchAction\",\"target\":{\"@type\":\"EntryPoint\",\"urlTemplate\":\"https:\\\/\\\/controllaboral.net\\\/web\\\/?s={search_term_string}\"},\"query-input\":{\"@type\":\"PropertyValueSpecification\",\"valueRequired\":true,\"valueName\":\"search_term_string\"}}],\"inLanguage\":\"es\"},{\"@type\":\"Organization\",\"@id\":\"https:\\\/\\\/controllaboral.net\\\/web\\\/#organization\",\"name\":\"Control Laboral\",\"url\":\"https:\\\/\\\/controllaboral.net\\\/web\\\/\",\"logo\":{\"@type\":\"ImageObject\",\"inLanguage\":\"es\",\"@id\":\"https:\\\/\\\/controllaboral.net\\\/web\\\/#\\\/schema\\\/logo\\\/image\\\/\",\"url\":\"https:\\\/\\\/controllaboral.net\\\/web\\\/wp-content\\\/uploads\\\/2023\\\/10\\\/control_laboral.png\",\"contentUrl\":\"https:\\\/\\\/controllaboral.net\\\/web\\\/wp-content\\\/uploads\\\/2023\\\/10\\\/control_laboral.png\",\"width\":477,\"height\":209,\"caption\":\"Control Laboral\"},\"image\":{\"@id\":\"https:\\\/\\\/controllaboral.net\\\/web\\\/#\\\/schema\\\/logo\\\/image\\\/\"}}]}<\/script>\n<!-- \/ Yoast SEO plugin. -->","yoast_head_json":{"title":"Control Laboral: el mejor Sistema de Registro Laboral para la jornada en el trabajo - Control Laboral","description":"Programa Control de Jornada Laboral completo y sencillo para aut\u00f3nomos y empresas. Un sistema multidispositivo desde pc, m\u00f3vil o tablet. Gesti\u00f3n de horas laborales de los empleados y generaci\u00f3n de informes en tiempo real.","robots":{"index":"index","follow":"follow","max-snippet":"max-snippet:-1","max-image-preview":"max-image-preview:large","max-video-preview":"max-video-preview:-1"},"canonical":"https:\/\/controllaboral.net\/web\/","og_locale":"es_ES","og_type":"article","og_title":"Control Laboral: el mejor Sistema de Registro Laboral para la jornada en el trabajo - Control Laboral","og_description":"Programa Control de Jornada Laboral completo y sencillo para aut\u00f3nomos y empresas. Un sistema multidispositivo desde pc, m\u00f3vil o tablet. Gesti\u00f3n de horas laborales de los empleados y generaci\u00f3n de informes en tiempo real.","og_url":"https:\/\/controllaboral.net\/web\/","og_site_name":"Control Laboral","article_modified_time":"2026-02-23T13:09:31+00:00","og_image":[{"url":"https:\/\/controllaboral.net\/web\/wp-content\/uploads\/2021\/08\/cropped-control_laboral_control_laboral_listado_registros.png","type":"","width":"","height":""}],"twitter_card":"summary_large_image","twitter_misc":{"Tiempo de lectura":"2 minutos"},"schema":{"@context":"https:\/\/schema.org","@graph":[{"@type":"WebPage","@id":"https:\/\/controllaboral.net\/web\/","url":"https:\/\/controllaboral.net\/web\/","name":"Control Laboral: el mejor Sistema de Registro Laboral para la jornada en el trabajo - Control Laboral","isPartOf":{"@id":"https:\/\/controllaboral.net\/web\/#website"},"primaryImageOfPage":{"@id":"https:\/\/controllaboral.net\/web\/#primaryimage"},"image":{"@id":"https:\/\/controllaboral.net\/web\/#primaryimage"},"thumbnailUrl":"https:\/\/controllaboral.net\/web\/wp-content\/uploads\/2021\/08\/cropped-control_laboral_control_laboral_listado_registros.png","datePublished":"2021-08-04T15:41:07+00:00","dateModified":"2026-02-23T13:09:31+00:00","description":"Programa Control de Jornada Laboral completo y sencillo para aut\u00f3nomos y empresas. Un sistema multidispositivo desde pc, m\u00f3vil o tablet. Gesti\u00f3n de horas laborales de los empleados y generaci\u00f3n de informes en tiempo real.","breadcrumb":{"@id":"https:\/\/controllaboral.net\/web\/#breadcrumb"},"inLanguage":"es","potentialAction":[{"@type":"ReadAction","target":["https:\/\/controllaboral.net\/web\/"]}]},{"@type":"ImageObject","inLanguage":"es","@id":"https:\/\/controllaboral.net\/web\/#primaryimage","url":"https:\/\/controllaboral.net\/web\/wp-content\/uploads\/2021\/08\/cropped-control_laboral_control_laboral_listado_registros.png","contentUrl":"https:\/\/controllaboral.net\/web\/wp-content\/uploads\/2021\/08\/cropped-control_laboral_control_laboral_listado_registros.png","width":1200,"height":800,"caption":"control_laboral_listado_registros"},{"@type":"BreadcrumbList","@id":"https:\/\/controllaboral.net\/web\/#breadcrumb","itemListElement":[{"@type":"ListItem","position":1,"name":"Portada","item":"https:\/\/controllaboral.net\/web\/"},{"@type":"ListItem","position":2,"name":"Control Laboral: el mejor Sistema de Registro Laboral para la jornada en el trabajo"}]},{"@type":"WebSite","@id":"https:\/\/controllaboral.net\/web\/#website","url":"https:\/\/controllaboral.net\/web\/","name":"Control Laboral","description":"Registro Jornada \u00b7 Control Laboral \u00b7 Control Horario \u00b7 Sistema Firma Trabajador","publisher":{"@id":"https:\/\/controllaboral.net\/web\/#organization"},"potentialAction":[{"@type":"SearchAction","target":{"@type":"EntryPoint","urlTemplate":"https:\/\/controllaboral.net\/web\/?s={search_term_string}"},"query-input":{"@type":"PropertyValueSpecification","valueRequired":true,"valueName":"search_term_string"}}],"inLanguage":"es"},{"@type":"Organization","@id":"https:\/\/controllaboral.net\/web\/#organization","name":"Control Laboral","url":"https:\/\/controllaboral.net\/web\/","logo":{"@type":"ImageObject","inLanguage":"es","@id":"https:\/\/controllaboral.net\/web\/#\/schema\/logo\/image\/","url":"https:\/\/controllaboral.net\/web\/wp-content\/uploads\/2023\/10\/control_laboral.png","contentUrl":"https:\/\/controllaboral.net\/web\/wp-content\/uploads\/2023\/10\/control_laboral.png","width":477,"height":209,"caption":"Control Laboral"},"image":{"@id":"https:\/\/controllaboral.net\/web\/#\/schema\/logo\/image\/"}}]}},"_links":{"self":[{"href":"https:\/\/controllaboral.net\/web\/wp-json\/wp\/v2\/pages\/67","targetHints":{"allow":["GET"]}}],"collection":[{"href":"https:\/\/controllaboral.net\/web\/wp-json\/wp\/v2\/pages"}],"about":[{"href":"https:\/\/controllaboral.net\/web\/wp-json\/wp\/v2\/types\/page"}],"author":[{"embeddable":true,"href":"https:\/\/controllaboral.net\/web\/wp-json\/wp\/v2\/users\/1"}],"replies":[{"embeddable":true,"href":"https:\/\/controllaboral.net\/web\/wp-json\/wp\/v2\/comments?post=67"}],"version-history":[{"count":89,"href":"https:\/\/controllaboral.net\/web\/wp-json\/wp\/v2\/pages\/67\/revisions"}],"predecessor-version":[{"id":506,"href":"https:\/\/controllaboral.net\/web\/wp-json\/wp\/v2\/pages\/67\/revisions\/506"}],"wp:attachment":[{"href":"https:\/\/controllaboral.net\/web\/wp-json\/wp\/v2\/media?parent=67"}],"curies":[{"name":"wp","href":"https:\/\/api.w.org\/{rel}","templated":true}]}}