{"id":293,"date":"2023-09-19T20:12:34","date_gmt":"2023-09-19T20:12:34","guid":{"rendered":"https:\/\/controllaboral.net\/web\/?post_type=product&#038;p=293"},"modified":"2023-09-20T17:20:49","modified_gmt":"2023-09-20T17:20:49","slug":"control-jornada-laboral-gratis","status":"publish","type":"product","link":"https:\/\/controllaboral.net\/web\/producto\/control-jornada-laboral-gratis\/","title":{"rendered":"Control Jornada Laboral Gratis"},"content":{"rendered":"<p>Prueba gratu\u00edta del sistema de control horario. Controle la jornada del trabajador f\u00e1cilmente.<\/p>\n<p>Un sistema de registro para controlar las horas trabajadas de los empleados, cumpliendo la ley.<\/p>\n<p>Adaptado a las \u00faltimas tecnolog\u00edas de pc, mac, m\u00f3vil, tel\u00e9fono o reloj watch.<\/p>\n","protected":false},"excerpt":{"rendered":"<p>Prueba gratu\u00edta del sistema de control horario. Controle la jornada del trabajador f\u00e1cilmente. Un sistema de registro para controlar las horas trabajadas de los empleados, cumpliendo la ley. Adaptado a las \u00faltimas tecnolog\u00edas de pc, mac, m\u00f3vil, tel\u00e9fono o reloj watch.<\/p>\n","protected":false},"featured_media":151,"comment_status":"closed","ping_status":"closed","template":"","meta":{"ngg_post_thumbnail":0},"product_brand":[],"product_cat":[15],"product_tag":[],"class_list":{"0":"post-293","1":"product","2":"type-product","3":"status-publish","4":"has-post-thumbnail","6":"product_cat-sin-categorizar","8":"first","9":"instock","10":"virtual","11":"sold-individually","12":"taxable","13":"purchasable","14":"product-type-simple"},"yoast_head":"<!-- This site is optimized with the Yoast SEO plugin v27.4 - https:\/\/yoast.com\/product\/yoast-seo-wordpress\/ -->\n<title>Control Jornada Laboral Gratis - Control Laboral<\/title>\n<meta name=\"robots\" content=\"index, follow, max-snippet:-1, max-image-preview:large, max-video-preview:-1\" \/>\n<link rel=\"canonical\" href=\"https:\/\/controllaboral.net\/web\/producto\/control-jornada-laboral-gratis\/\" \/>\n<meta property=\"og:locale\" content=\"es_ES\" \/>\n<meta property=\"og:type\" content=\"article\" \/>\n<meta property=\"og:title\" content=\"Control Jornada Laboral Gratis - Control Laboral\" \/>\n<meta property=\"og:description\" content=\"Prueba gratu\u00edta del sistema de control horario. Controle la jornada del trabajador f\u00e1cilmente. Un sistema de registro para controlar las horas trabajadas de los empleados, cumpliendo la ley. Adaptado a las \u00faltimas tecnolog\u00edas de pc, mac, m\u00f3vil, tel\u00e9fono o reloj watch.\" \/>\n<meta property=\"og:url\" content=\"https:\/\/controllaboral.net\/web\/producto\/control-jornada-laboral-gratis\/\" \/>\n<meta property=\"og:site_name\" content=\"Control Laboral\" \/>\n<meta property=\"article:modified_time\" content=\"2023-09-20T17:20:49+00:00\" \/>\n<meta property=\"og:image\" content=\"https:\/\/controllaboral.net\/web\/wp-content\/uploads\/2021\/10\/jornada_loboral_registro__horas_trabajo.png\" \/>\n\t<meta property=\"og:image:width\" content=\"500\" \/>\n\t<meta property=\"og:image:height\" content=\"336\" \/>\n\t<meta property=\"og:image:type\" content=\"image\/png\" \/>\n<meta name=\"twitter:card\" content=\"summary_large_image\" \/>\n<meta name=\"twitter:label1\" content=\"Tiempo de lectura\" \/>\n\t<meta name=\"twitter:data1\" content=\"1 minuto\" \/>\n<script type=\"application\/ld+json\" class=\"yoast-schema-graph\">{\"@context\":\"https:\\\/\\\/schema.org\",\"@graph\":[{\"@type\":\"WebPage\",\"@id\":\"https:\\\/\\\/controllaboral.net\\\/web\\\/producto\\\/control-jornada-laboral-gratis\\\/\",\"url\":\"https:\\\/\\\/controllaboral.net\\\/web\\\/producto\\\/control-jornada-laboral-gratis\\\/\",\"name\":\"Control Jornada Laboral Gratis - Control Laboral\",\"isPartOf\":{\"@id\":\"https:\\\/\\\/controllaboral.net\\\/web\\\/#website\"},\"primaryImageOfPage\":{\"@id\":\"https:\\\/\\\/controllaboral.net\\\/web\\\/producto\\\/control-jornada-laboral-gratis\\\/#primaryimage\"},\"image\":{\"@id\":\"https:\\\/\\\/controllaboral.net\\\/web\\\/producto\\\/control-jornada-laboral-gratis\\\/#primaryimage\"},\"thumbnailUrl\":\"https:\\\/\\\/controllaboral.net\\\/web\\\/wp-content\\\/uploads\\\/2021\\\/10\\\/jornada_loboral_registro__horas_trabajo.png\",\"datePublished\":\"2023-09-19T20:12:34+00:00\",\"dateModified\":\"2023-09-20T17:20:49+00:00\",\"breadcrumb\":{\"@id\":\"https:\\\/\\\/controllaboral.net\\\/web\\\/producto\\\/control-jornada-laboral-gratis\\\/#breadcrumb\"},\"inLanguage\":\"es\",\"potentialAction\":[{\"@type\":\"ReadAction\",\"target\":[\"https:\\\/\\\/controllaboral.net\\\/web\\\/producto\\\/control-jornada-laboral-gratis\\\/\"]}]},{\"@type\":\"ImageObject\",\"inLanguage\":\"es\",\"@id\":\"https:\\\/\\\/controllaboral.net\\\/web\\\/producto\\\/control-jornada-laboral-gratis\\\/#primaryimage\",\"url\":\"https:\\\/\\\/controllaboral.net\\\/web\\\/wp-content\\\/uploads\\\/2021\\\/10\\\/jornada_loboral_registro__horas_trabajo.png\",\"contentUrl\":\"https:\\\/\\\/controllaboral.net\\\/web\\\/wp-content\\\/uploads\\\/2021\\\/10\\\/jornada_loboral_registro__horas_trabajo.png\",\"width\":500,\"height\":336,\"caption\":\"registro jornada trabajo\"},{\"@type\":\"BreadcrumbList\",\"@id\":\"https:\\\/\\\/controllaboral.net\\\/web\\\/producto\\\/control-jornada-laboral-gratis\\\/#breadcrumb\",\"itemListElement\":[{\"@type\":\"ListItem\",\"position\":1,\"name\":\"Portada\",\"item\":\"https:\\\/\\\/controllaboral.net\\\/web\\\/\"},{\"@type\":\"ListItem\",\"position\":2,\"name\":\"Control Jornada Laboral Gratis\"}]},{\"@type\":\"WebSite\",\"@id\":\"https:\\\/\\\/controllaboral.net\\\/web\\\/#website\",\"url\":\"https:\\\/\\\/controllaboral.net\\\/web\\\/\",\"name\":\"Control Laboral\",\"description\":\"Registro Jornada \u00b7 Control Laboral \u00b7 Control Horario \u00b7 Sistema Firma Trabajador\",\"publisher\":{\"@id\":\"https:\\\/\\\/controllaboral.net\\\/web\\\/#organization\"},\"potentialAction\":[{\"@type\":\"SearchAction\",\"target\":{\"@type\":\"EntryPoint\",\"urlTemplate\":\"https:\\\/\\\/controllaboral.net\\\/web\\\/?s={search_term_string}\"},\"query-input\":{\"@type\":\"PropertyValueSpecification\",\"valueRequired\":true,\"valueName\":\"search_term_string\"}}],\"inLanguage\":\"es\"},{\"@type\":\"Organization\",\"@id\":\"https:\\\/\\\/controllaboral.net\\\/web\\\/#organization\",\"name\":\"Control Laboral\",\"url\":\"https:\\\/\\\/controllaboral.net\\\/web\\\/\",\"logo\":{\"@type\":\"ImageObject\",\"inLanguage\":\"es\",\"@id\":\"https:\\\/\\\/controllaboral.net\\\/web\\\/#\\\/schema\\\/logo\\\/image\\\/\",\"url\":\"https:\\\/\\\/controllaboral.net\\\/web\\\/wp-content\\\/uploads\\\/2023\\\/10\\\/control_laboral.png\",\"contentUrl\":\"https:\\\/\\\/controllaboral.net\\\/web\\\/wp-content\\\/uploads\\\/2023\\\/10\\\/control_laboral.png\",\"width\":477,\"height\":209,\"caption\":\"Control Laboral\"},\"image\":{\"@id\":\"https:\\\/\\\/controllaboral.net\\\/web\\\/#\\\/schema\\\/logo\\\/image\\\/\"}}]}<\/script>\n<!-- \/ Yoast SEO plugin. -->","yoast_head_json":{"title":"Control Jornada Laboral Gratis - Control Laboral","robots":{"index":"index","follow":"follow","max-snippet":"max-snippet:-1","max-image-preview":"max-image-preview:large","max-video-preview":"max-video-preview:-1"},"canonical":"https:\/\/controllaboral.net\/web\/producto\/control-jornada-laboral-gratis\/","og_locale":"es_ES","og_type":"article","og_title":"Control Jornada Laboral Gratis - Control Laboral","og_description":"Prueba gratu\u00edta del sistema de control horario. Controle la jornada del trabajador f\u00e1cilmente. Un sistema de registro para controlar las horas trabajadas de los empleados, cumpliendo la ley. Adaptado a las \u00faltimas tecnolog\u00edas de pc, mac, m\u00f3vil, tel\u00e9fono o reloj watch.","og_url":"https:\/\/controllaboral.net\/web\/producto\/control-jornada-laboral-gratis\/","og_site_name":"Control Laboral","article_modified_time":"2023-09-20T17:20:49+00:00","og_image":[{"width":500,"height":336,"url":"https:\/\/controllaboral.net\/web\/wp-content\/uploads\/2021\/10\/jornada_loboral_registro__horas_trabajo.png","type":"image\/png"}],"twitter_card":"summary_large_image","twitter_misc":{"Tiempo de lectura":"1 minuto"},"schema":{"@context":"https:\/\/schema.org","@graph":[{"@type":"WebPage","@id":"https:\/\/controllaboral.net\/web\/producto\/control-jornada-laboral-gratis\/","url":"https:\/\/controllaboral.net\/web\/producto\/control-jornada-laboral-gratis\/","name":"Control Jornada Laboral Gratis - Control Laboral","isPartOf":{"@id":"https:\/\/controllaboral.net\/web\/#website"},"primaryImageOfPage":{"@id":"https:\/\/controllaboral.net\/web\/producto\/control-jornada-laboral-gratis\/#primaryimage"},"image":{"@id":"https:\/\/controllaboral.net\/web\/producto\/control-jornada-laboral-gratis\/#primaryimage"},"thumbnailUrl":"https:\/\/controllaboral.net\/web\/wp-content\/uploads\/2021\/10\/jornada_loboral_registro__horas_trabajo.png","datePublished":"2023-09-19T20:12:34+00:00","dateModified":"2023-09-20T17:20:49+00:00","breadcrumb":{"@id":"https:\/\/controllaboral.net\/web\/producto\/control-jornada-laboral-gratis\/#breadcrumb"},"inLanguage":"es","potentialAction":[{"@type":"ReadAction","target":["https:\/\/controllaboral.net\/web\/producto\/control-jornada-laboral-gratis\/"]}]},{"@type":"ImageObject","inLanguage":"es","@id":"https:\/\/controllaboral.net\/web\/producto\/control-jornada-laboral-gratis\/#primaryimage","url":"https:\/\/controllaboral.net\/web\/wp-content\/uploads\/2021\/10\/jornada_loboral_registro__horas_trabajo.png","contentUrl":"https:\/\/controllaboral.net\/web\/wp-content\/uploads\/2021\/10\/jornada_loboral_registro__horas_trabajo.png","width":500,"height":336,"caption":"registro jornada trabajo"},{"@type":"BreadcrumbList","@id":"https:\/\/controllaboral.net\/web\/producto\/control-jornada-laboral-gratis\/#breadcrumb","itemListElement":[{"@type":"ListItem","position":1,"name":"Portada","item":"https:\/\/controllaboral.net\/web\/"},{"@type":"ListItem","position":2,"name":"Control Jornada Laboral Gratis"}]},{"@type":"WebSite","@id":"https:\/\/controllaboral.net\/web\/#website","url":"https:\/\/controllaboral.net\/web\/","name":"Control Laboral","description":"Registro Jornada \u00b7 Control Laboral \u00b7 Control Horario \u00b7 Sistema Firma Trabajador","publisher":{"@id":"https:\/\/controllaboral.net\/web\/#organization"},"potentialAction":[{"@type":"SearchAction","target":{"@type":"EntryPoint","urlTemplate":"https:\/\/controllaboral.net\/web\/?s={search_term_string}"},"query-input":{"@type":"PropertyValueSpecification","valueRequired":true,"valueName":"search_term_string"}}],"inLanguage":"es"},{"@type":"Organization","@id":"https:\/\/controllaboral.net\/web\/#organization","name":"Control Laboral","url":"https:\/\/controllaboral.net\/web\/","logo":{"@type":"ImageObject","inLanguage":"es","@id":"https:\/\/controllaboral.net\/web\/#\/schema\/logo\/image\/","url":"https:\/\/controllaboral.net\/web\/wp-content\/uploads\/2023\/10\/control_laboral.png","contentUrl":"https:\/\/controllaboral.net\/web\/wp-content\/uploads\/2023\/10\/control_laboral.png","width":477,"height":209,"caption":"Control Laboral"},"image":{"@id":"https:\/\/controllaboral.net\/web\/#\/schema\/logo\/image\/"}}]}},"tiered_pricing_type":"fixed","tiered_pricing_fixed_rules":[],"tiered_pricing_product_settings":{"layout":"table","base_unit_name":{"singular":null,"plural":null},"default_variation":null},"tiered_pricing_minimum_quantity":null,"tiered_pricing_roles_data":[],"tiered_pricing_percentage_rules":[],"_links":{"self":[{"href":"https:\/\/controllaboral.net\/web\/wp-json\/wp\/v2\/product\/293","targetHints":{"allow":["GET"]}}],"collection":[{"href":"https:\/\/controllaboral.net\/web\/wp-json\/wp\/v2\/product"}],"about":[{"href":"https:\/\/controllaboral.net\/web\/wp-json\/wp\/v2\/types\/product"}],"replies":[{"embeddable":true,"href":"https:\/\/controllaboral.net\/web\/wp-json\/wp\/v2\/comments?post=293"}],"wp:featuredmedia":[{"embeddable":true,"href":"https:\/\/controllaboral.net\/web\/wp-json\/wp\/v2\/media\/151"}],"wp:attachment":[{"href":"https:\/\/controllaboral.net\/web\/wp-json\/wp\/v2\/media?parent=293"}],"wp:term":[{"taxonomy":"product_brand","embeddable":true,"href":"https:\/\/controllaboral.net\/web\/wp-json\/wp\/v2\/product_brand?post=293"},{"taxonomy":"product_cat","embeddable":true,"href":"https:\/\/controllaboral.net\/web\/wp-json\/wp\/v2\/product_cat?post=293"},{"taxonomy":"product_tag","embeddable":true,"href":"https:\/\/controllaboral.net\/web\/wp-json\/wp\/v2\/product_tag?post=293"}],"curies":[{"name":"wp","href":"https:\/\/api.w.org\/{rel}","templated":true}]}}